{"id":601,"date":"2025-11-27T11:24:34","date_gmt":"2025-11-27T11:24:34","guid":{"rendered":"https:\/\/jamavi.es\/index.php\/producto\/vela-san-valentin-16\/"},"modified":"2025-11-27T11:24:34","modified_gmt":"2025-11-27T11:24:34","slug":"vela-san-valentin-16","status":"publish","type":"product","link":"https:\/\/jamavi.es\/index.php\/producto\/vela-san-valentin-16\/","title":{"rendered":"Vela San Valent\u00edn 16"},"content":{"rendered":"<p>Vela artesanal de la categor\u00eda San Valent\u00edn, modelo 16.<\/p>\n","protected":false},"excerpt":{"rendered":"<p>Vela San Valent\u00edn artesanal.<\/p>\n","protected":false},"featured_media":0,"comment_status":"open","ping_status":"closed","template":"","meta":{"_et_pb_use_builder":"","_et_pb_old_content":"","_et_gb_content_width":""},"product_brand":[],"product_cat":[34],"product_tag":[],"class_list":{"0":"post-601","1":"product","2":"type-product","3":"status-publish","5":"product_cat-san-valentin","7":"first","8":"instock","9":"shipping-taxable","10":"purchasable","11":"product-type-simple"},"jetpack_sharing_enabled":true,"_links":{"self":[{"href":"https:\/\/jamavi.es\/index.php\/wp-json\/wp\/v2\/product\/601","targetHints":{"allow":["GET"]}}],"collection":[{"href":"https:\/\/jamavi.es\/index.php\/wp-json\/wp\/v2\/product"}],"about":[{"href":"https:\/\/jamavi.es\/index.php\/wp-json\/wp\/v2\/types\/product"}],"replies":[{"embeddable":true,"href":"https:\/\/jamavi.es\/index.php\/wp-json\/wp\/v2\/comments?post=601"}],"wp:attachment":[{"href":"https:\/\/jamavi.es\/index.php\/wp-json\/wp\/v2\/media?parent=601"}],"wp:term":[{"taxonomy":"product_brand","embeddable":true,"href":"https:\/\/jamavi.es\/index.php\/wp-json\/wp\/v2\/product_brand?post=601"},{"taxonomy":"product_cat","embeddable":true,"href":"https:\/\/jamavi.es\/index.php\/wp-json\/wp\/v2\/product_cat?post=601"},{"taxonomy":"product_tag","embeddable":true,"href":"https:\/\/jamavi.es\/index.php\/wp-json\/wp\/v2\/product_tag?post=601"}],"curies":[{"name":"wp","href":"https:\/\/api.w.org\/{rel}","templated":true}]}}