{"id":480,"date":"2025-11-27T11:24:24","date_gmt":"2025-11-27T11:24:24","guid":{"rendered":"https:\/\/jamavi.es\/index.php\/producto\/vela-cumpleanos-15\/"},"modified":"2025-11-27T11:24:24","modified_gmt":"2025-11-27T11:24:24","slug":"vela-cumpleanos-15","status":"publish","type":"product","link":"https:\/\/jamavi.es\/index.php\/producto\/vela-cumpleanos-15\/","title":{"rendered":"Vela Cumplea\u00f1os 15"},"content":{"rendered":"<p>Vela artesanal de la categor\u00eda Cumplea\u00f1os, modelo 15.<\/p>\n","protected":false},"excerpt":{"rendered":"<p>Vela Cumplea\u00f1os artesanal.<\/p>\n","protected":false},"featured_media":0,"comment_status":"open","ping_status":"closed","template":"","meta":{"_et_pb_use_builder":"","_et_pb_old_content":"","_et_gb_content_width":""},"product_brand":[],"product_cat":[28],"product_tag":[],"class_list":{"0":"post-480","1":"product","2":"type-product","3":"status-publish","5":"product_cat-cumpleanos","7":"first","8":"instock","9":"shipping-taxable","10":"purchasable","11":"product-type-simple"},"jetpack_sharing_enabled":true,"_links":{"self":[{"href":"https:\/\/jamavi.es\/index.php\/wp-json\/wp\/v2\/product\/480","targetHints":{"allow":["GET"]}}],"collection":[{"href":"https:\/\/jamavi.es\/index.php\/wp-json\/wp\/v2\/product"}],"about":[{"href":"https:\/\/jamavi.es\/index.php\/wp-json\/wp\/v2\/types\/product"}],"replies":[{"embeddable":true,"href":"https:\/\/jamavi.es\/index.php\/wp-json\/wp\/v2\/comments?post=480"}],"wp:attachment":[{"href":"https:\/\/jamavi.es\/index.php\/wp-json\/wp\/v2\/media?parent=480"}],"wp:term":[{"taxonomy":"product_brand","embeddable":true,"href":"https:\/\/jamavi.es\/index.php\/wp-json\/wp\/v2\/product_brand?post=480"},{"taxonomy":"product_cat","embeddable":true,"href":"https:\/\/jamavi.es\/index.php\/wp-json\/wp\/v2\/product_cat?post=480"},{"taxonomy":"product_tag","embeddable":true,"href":"https:\/\/jamavi.es\/index.php\/wp-json\/wp\/v2\/product_tag?post=480"}],"curies":[{"name":"wp","href":"https:\/\/api.w.org\/{rel}","templated":true}]}}